{"id":27,"date":"2022-10-10T13:17:52","date_gmt":"2022-10-10T16:17:52","guid":{"rendered":"http:\/\/novainjecao.com.br\/site\/?page_id=27"},"modified":"2024-07-10T18:08:07","modified_gmt":"2024-07-10T21:08:07","slug":"novidades","status":"publish","type":"page","link":"http:\/\/alupower.com.br\/index.php\/novidades\/","title":{"rendered":"Novidades"},"content":{"rendered":"\t\t<div data-elementor-type=\"wp-page\" data-elementor-id=\"27\" class=\"elementor elementor-27\">\n\t\t\t\t\t\t<section class=\"elementor-section elementor-top-section elementor-element elementor-element-107ba27 elementor-section-stretched elementor-section-boxed elementor-section-height-default elementor-section-height-default\" data-id=\"107ba27\" data-element_type=\"section\" data-settings=\"{&quot;stretch_section&quot;:&quot;section-stretched&quot;,&quot;background_background&quot;:&quot;classic&quot;}\">\n\t\t\t\t\t\t<div class=\"elementor-container elementor-column-gap-default\">\n\t\t\t\t\t<div class=\"elementor-column elementor-col-100 elementor-top-column elementor-element elementor-element-459f422\" data-id=\"459f422\" data-element_type=\"column\">\n\t\t\t<div class=\"elementor-widget-wrap elementor-element-populated\">\n\t\t\t\t\t\t<div class=\"elementor-element elementor-element-3af75ad elementor-widget elementor-widget-image\" data-id=\"3af75ad\" data-element_type=\"widget\" data-widget_type=\"image.default\">\n\t\t\t\t<div class=\"elementor-widget-container\">\n\t\t\t<style>\/*! elementor - v3.22.0 - 26-06-2024 *\/\n.elementor-widget-image{text-align:center}.elementor-widget-image a{display:inline-block}.elementor-widget-image a img[src$=\".svg\"]{width:48px}.elementor-widget-image img{vertical-align:middle;display:inline-block}<\/style>\t\t\t\t\t\t\t\t\t\t<img fetchpriority=\"high\" decoding=\"async\" width=\"1920\" height=\"711\" src=\"http:\/\/alupower.com.br\/wp-content\/uploads\/2022\/10\/banner-novidades-1.jpg\" class=\"attachment-full size-full wp-image-690\" alt=\"\" srcset=\"http:\/\/alupower.com.br\/wp-content\/uploads\/2022\/10\/banner-novidades-1.jpg 1920w, http:\/\/alupower.com.br\/wp-content\/uploads\/2022\/10\/banner-novidades-1-300x111.jpg 300w, http:\/\/alupower.com.br\/wp-content\/uploads\/2022\/10\/banner-novidades-1-1024x379.jpg 1024w, http:\/\/alupower.com.br\/wp-content\/uploads\/2022\/10\/banner-novidades-1-768x284.jpg 768w, http:\/\/alupower.com.br\/wp-content\/uploads\/2022\/10\/banner-novidades-1-1536x569.jpg 1536w\" sizes=\"(max-width: 1920px) 100vw, 1920px\" \/>\t\t\t\t\t\t\t\t\t\t\t\t\t<\/div>\n\t\t\t\t<\/div>\n\t\t\t\t\t<\/div>\n\t\t<\/div>\n\t\t\t\t\t<\/div>\n\t\t<\/section>\n\t\t\t\t<section class=\"elementor-section elementor-top-section elementor-element elementor-element-8e3d235 elementor-section-stretched elementor-section-boxed elementor-section-height-default elementor-section-height-default\" data-id=\"8e3d235\" data-element_type=\"section\" data-settings=\"{&quot;stretch_section&quot;:&quot;section-stretched&quot;}\">\n\t\t\t\t\t\t<div class=\"elementor-container elementor-column-gap-default\">\n\t\t\t\t\t<div class=\"elementor-column elementor-col-100 elementor-top-column elementor-element elementor-element-dbaaff4\" data-id=\"dbaaff4\" data-element_type=\"column\">\n\t\t\t<div class=\"elementor-widget-wrap elementor-element-populated\">\n\t\t\t\t\t\t<div class=\"elementor-element elementor-element-6f41d6b elementor-grid-eael-col-4 elementor-grid-tablet-eael-col-2 elementor-grid-mobile-eael-col-1 elementor-widget elementor-widget-eael-post-grid\" data-id=\"6f41d6b\" data-element_type=\"widget\" data-settings=\"{&quot;eael_post_grid_columns&quot;:&quot;eael-col-4&quot;,&quot;eael_post_grid_columns_tablet&quot;:&quot;eael-col-2&quot;,&quot;eael_post_grid_columns_mobile&quot;:&quot;eael-col-1&quot;}\" data-widget_type=\"eael-post-grid.default\">\n\t\t\t\t<div class=\"elementor-widget-container\">\n\t\t\t<div id=\"eael-post-grid-6f41d6b\" class=\"eael-post-grid-container\">\n            <div class=\"eael-post-grid eael-post-appender eael-post-appender-6f41d6b eael-post-grid-style-two\" data-layout-mode=\"masonry\"><article class=\"eael-grid-post eael-post-grid-column\" data-id=\"548\">\n        <div class=\"eael-grid-post-holder\">\n            <div class=\"eael-grid-post-holder-inner\"><div class=\"eael-entry-media\"><div class=\"eael-entry-overlay fade-in\"><i class=\"fas fa-long-arrow-alt-right\" aria-hidden=\"true\"><\/i><a href=\"http:\/\/alupower.com.br\/index.php\/2022\/10\/11\/injetora-de-camara-fria\/\"><\/a><\/div><div class=\"eael-entry-thumbnail \">\n                                <img decoding=\"async\" width=\"300\" height=\"84\" src=\"http:\/\/alupower.com.br\/wp-content\/uploads\/2022\/10\/injetoram-1-872x245-1-300x84.jpg\" class=\"attachment-medium size-medium wp-image-539\" alt=\"\" srcset=\"http:\/\/alupower.com.br\/wp-content\/uploads\/2022\/10\/injetoram-1-872x245-1-300x84.jpg 300w, http:\/\/alupower.com.br\/wp-content\/uploads\/2022\/10\/injetoram-1-872x245-1-768x216.jpg 768w, http:\/\/alupower.com.br\/wp-content\/uploads\/2022\/10\/injetoram-1-872x245-1.jpg 872w\" sizes=\"(max-width: 300px) 100vw, 300px\" \/>\n                              <\/div>\n                      <\/div><div class=\"eael-entry-wrapper\"><header class=\"eael-entry-header\"><h2 class=\"eael-entry-title\"><a\n                                    class=\"eael-grid-post-link\"\n                                    href=\"http:\/\/alupower.com.br\/index.php\/2022\/10\/11\/injetora-de-camara-fria\/\"\n                                    title=\"INJETORA DE C\u00c2MARA FRIA\">INJETORA DE C\u00c2MARA FRIA<\/a><\/h2><\/header><div class=\"eael-entry-header-after style-two\"><div class=\"eael-entry-meta\"><span class=\"eael-meta-posted-on\"><i class=\"far fa-clock\"><\/i><time datetime=\"11 de outubro de 2022\">11 de outubro de 2022<\/time><\/span><\/div><\/div><\/div><\/div>\n        <\/div>\n    <\/article><article class=\"eael-grid-post eael-post-grid-column\" data-id=\"547\">\n        <div class=\"eael-grid-post-holder\">\n            <div class=\"eael-grid-post-holder-inner\"><div class=\"eael-entry-media\"><div class=\"eael-entry-overlay fade-in\"><i class=\"fas fa-long-arrow-alt-right\" aria-hidden=\"true\"><\/i><a href=\"http:\/\/alupower.com.br\/index.php\/2022\/10\/11\/espectrometro-de-emissao-optica\/\"><\/a><\/div><div class=\"eael-entry-thumbnail \">\n                                <img decoding=\"async\" width=\"300\" height=\"84\" src=\"http:\/\/alupower.com.br\/wp-content\/uploads\/2022\/10\/espectronomom-1-872x245-1-300x84.jpg\" class=\"attachment-medium size-medium wp-image-580\" alt=\"\" srcset=\"http:\/\/alupower.com.br\/wp-content\/uploads\/2022\/10\/espectronomom-1-872x245-1-300x84.jpg 300w, http:\/\/alupower.com.br\/wp-content\/uploads\/2022\/10\/espectronomom-1-872x245-1-768x216.jpg 768w, http:\/\/alupower.com.br\/wp-content\/uploads\/2022\/10\/espectronomom-1-872x245-1.jpg 872w\" sizes=\"(max-width: 300px) 100vw, 300px\" \/>\n                              <\/div>\n                      <\/div><div class=\"eael-entry-wrapper\"><header class=\"eael-entry-header\"><h2 class=\"eael-entry-title\"><a\n                                    class=\"eael-grid-post-link\"\n                                    href=\"http:\/\/alupower.com.br\/index.php\/2022\/10\/11\/espectrometro-de-emissao-optica\/\"\n                                    title=\"ESPECTR\u00d4METRO DE EMISS\u00c3O \u00d3PTICA &#8211; BRUKER Q2 ION\">ESPECTR\u00d4METRO DE EMISS\u00c3O \u00d3PTICA &#8211; BRUKER Q2 ION<\/a><\/h2><\/header><div class=\"eael-entry-header-after style-two\"><div class=\"eael-entry-meta\"><span class=\"eael-meta-posted-on\"><i class=\"far fa-clock\"><\/i><time datetime=\"11 de outubro de 2022\">11 de outubro de 2022<\/time><\/span><\/div><\/div><\/div><\/div>\n        <\/div>\n    <\/article><article class=\"eael-grid-post eael-post-grid-column\" data-id=\"546\">\n        <div class=\"eael-grid-post-holder\">\n            <div class=\"eael-grid-post-holder-inner\"><div class=\"eael-entry-media\"><div class=\"eael-entry-overlay fade-in\"><i class=\"fas fa-long-arrow-alt-right\" aria-hidden=\"true\"><\/i><a href=\"http:\/\/alupower.com.br\/index.php\/2022\/10\/11\/abine-de-radioscopia-e-radiografia-raios-x-industrial\/\"><\/a><\/div><div class=\"eael-entry-thumbnail \">\n                                <img loading=\"lazy\" decoding=\"async\" width=\"300\" height=\"84\" src=\"http:\/\/alupower.com.br\/wp-content\/uploads\/2022\/10\/cabinem-872x245-1-300x84.jpg\" class=\"attachment-medium size-medium wp-image-559\" alt=\"\" srcset=\"http:\/\/alupower.com.br\/wp-content\/uploads\/2022\/10\/cabinem-872x245-1-300x84.jpg 300w, http:\/\/alupower.com.br\/wp-content\/uploads\/2022\/10\/cabinem-872x245-1-768x216.jpg 768w, http:\/\/alupower.com.br\/wp-content\/uploads\/2022\/10\/cabinem-872x245-1.jpg 872w\" sizes=\"(max-width: 300px) 100vw, 300px\" \/>\n                              <\/div>\n                      <\/div><div class=\"eael-entry-wrapper\"><header class=\"eael-entry-header\"><h2 class=\"eael-entry-title\"><a\n                                    class=\"eael-grid-post-link\"\n                                    href=\"http:\/\/alupower.com.br\/index.php\/2022\/10\/11\/abine-de-radioscopia-e-radiografia-raios-x-industrial\/\"\n                                    title=\"CABINE DE RADIOSCOPIA E RADIOGRAFIA (RAIOS X) INDUSTRIAL\">CABINE DE RADIOSCOPIA E RADIOGRAFIA (RAIOS X) INDUSTRIAL<\/a><\/h2><\/header><div class=\"eael-entry-header-after style-two\"><div class=\"eael-entry-meta\"><span class=\"eael-meta-posted-on\"><i class=\"far fa-clock\"><\/i><time datetime=\"11 de outubro de 2022\">11 de outubro de 2022<\/time><\/span><\/div><\/div><\/div><\/div>\n        <\/div>\n    <\/article><article class=\"eael-grid-post eael-post-grid-column\" data-id=\"537\">\n        <div class=\"eael-grid-post-holder\">\n            <div class=\"eael-grid-post-holder-inner\"><div class=\"eael-entry-media\"><div class=\"eael-entry-overlay fade-in\"><i class=\"fas fa-long-arrow-alt-right\" aria-hidden=\"true\"><\/i><a href=\"http:\/\/alupower.com.br\/index.php\/2022\/10\/11\/aplicador-de-desmoldante-automatico\/\"><\/a><\/div><div class=\"eael-entry-thumbnail \">\n                                <img loading=\"lazy\" decoding=\"async\" width=\"300\" height=\"84\" src=\"http:\/\/alupower.com.br\/wp-content\/uploads\/2022\/10\/aplicadorm-1-1-872x245-1-300x84.jpg\" class=\"attachment-medium size-medium wp-image-574\" alt=\"\" srcset=\"http:\/\/alupower.com.br\/wp-content\/uploads\/2022\/10\/aplicadorm-1-1-872x245-1-300x84.jpg 300w, http:\/\/alupower.com.br\/wp-content\/uploads\/2022\/10\/aplicadorm-1-1-872x245-1-768x216.jpg 768w, http:\/\/alupower.com.br\/wp-content\/uploads\/2022\/10\/aplicadorm-1-1-872x245-1.jpg 872w\" sizes=\"(max-width: 300px) 100vw, 300px\" \/>\n                              <\/div>\n                      <\/div><div class=\"eael-entry-wrapper\"><header class=\"eael-entry-header\"><h2 class=\"eael-entry-title\"><a\n                                    class=\"eael-grid-post-link\"\n                                    href=\"http:\/\/alupower.com.br\/index.php\/2022\/10\/11\/aplicador-de-desmoldante-automatico\/\"\n                                    title=\"APLICADOR DE DESMOLDANTE AUTOM\u00c1TICO &#8211; COLOSIO\/RELBO &#8211; IT\u00c1LIA\">APLICADOR DE DESMOLDANTE AUTOM\u00c1TICO &#8211; COLOSIO\/RELBO &#8211; IT\u00c1LIA<\/a><\/h2><\/header><div class=\"eael-entry-header-after style-two\"><div class=\"eael-entry-meta\"><span class=\"eael-meta-posted-on\"><i class=\"far fa-clock\"><\/i><time datetime=\"11 de outubro de 2022\">11 de outubro de 2022<\/time><\/span><\/div><\/div><\/div><\/div>\n        <\/div>\n    <\/article><\/div>\n            <div class=\"clearfix\"><\/div>\n        <\/div>\t\t<\/div>\n\t\t\t\t<\/div>\n\t\t\t\t\t<\/div>\n\t\t<\/div>\n\t\t\t\t\t<\/div>\n\t\t<\/section>\n\t\t\t\t<\/div>\n\t\t","protected":false},"excerpt":{"rendered":"<p>INJETORA DE C\u00c2MARA FRIA 11 de outubro de 2022 ESPECTR\u00d4METRO DE EMISS\u00c3O \u00d3PTICA &#8211; BRUKER Q2 ION 11 de outubro de 2022 CABINE DE RADIOSCOPIA E RADIOGRAFIA (RAIOS X) INDUSTRIAL 11 de outubro de 2022 APLICADOR DE DESMOLDANTE AUTOM\u00c1TICO &#8211; COLOSIO\/RELBO &#8211; IT\u00c1LIA 11 de outubro de 2022<\/p>\n","protected":false},"author":3,"featured_media":0,"parent":0,"menu_order":0,"comment_status":"closed","ping_status":"closed","template":"elementor_header_footer","meta":{"_joinchat":[],"footnotes":""},"_links":{"self":[{"href":"http:\/\/alupower.com.br\/index.php\/wp-json\/wp\/v2\/pages\/27"}],"collection":[{"href":"http:\/\/alupower.com.br\/index.php\/wp-json\/wp\/v2\/pages"}],"about":[{"href":"http:\/\/alupower.com.br\/index.php\/wp-json\/wp\/v2\/types\/page"}],"author":[{"embeddable":true,"href":"http:\/\/alupower.com.br\/index.php\/wp-json\/wp\/v2\/users\/3"}],"replies":[{"embeddable":true,"href":"http:\/\/alupower.com.br\/index.php\/wp-json\/wp\/v2\/comments?post=27"}],"version-history":[{"count":28,"href":"http:\/\/alupower.com.br\/index.php\/wp-json\/wp\/v2\/pages\/27\/revisions"}],"predecessor-version":[{"id":1148,"href":"http:\/\/alupower.com.br\/index.php\/wp-json\/wp\/v2\/pages\/27\/revisions\/1148"}],"wp:attachment":[{"href":"http:\/\/alupower.com.br\/index.php\/wp-json\/wp\/v2\/media?parent=27"}],"curies":[{"name":"wp","href":"https:\/\/api.w.org\/{rel}","templated":true}]}}